{"id":3960,"date":"2021-12-02T00:13:36","date_gmt":"2021-12-01T23:13:36","guid":{"rendered":"http:\/\/pbconsultancy.fr\/?page_id=3960"},"modified":"2021-12-17T17:56:16","modified_gmt":"2021-12-17T16:56:16","slug":"home-10-2","status":"publish","type":"page","link":"https:\/\/pbconsultancy.fr\/","title":{"rendered":"Pb_Accueil"},"content":{"rendered":"<p>[vc_row full_width=\u00a0\u00bbstretch_row_content_no_spaces\u00a0\u00bb match_height=\u00a0\u00bbyes\u00a0\u00bb typo_style=\u00a0\u00bbdark\u00a0\u00bb css=\u00a0\u00bb.vc_custom_1639149955132{margin-top: 0px !important;margin-right: 0px !important;margin-bottom: 0px !important;margin-left: 0px !important;padding-top: 0.8px !important;padding-right: 0.8px !important;padding-bottom: 0.8px !important;padding-left: 0.8px !important;}\u00a0\u00bb][vc_column width=\u00a0\u00bb1\/3&Prime; css=\u00a0\u00bb.vc_custom_1638892720595{background-position: center !important;background-repeat: no-repeat !important;background-size: cover !important;}\u00a0\u00bb][vc_single_image image=\u00a0\u00bb4151&Prime; img_size=\u00a0\u00bb320*420&Prime; alignment=\u00a0\u00bbcenter\u00a0\u00bb][\/vc_column][vc_column width=\u00a0\u00bb2\/3&Prime; typo_style=\u00a0\u00bblight\u00a0\u00bb css=\u00a0\u00bb.vc_custom_1639147882762{padding-top: 50px !important;padding-right: 15px !important;padding-bottom: 50px !important;padding-left: 5% !important;}\u00a0\u00bb]<div class=\"zozo-parallax-header\"><div class=\"parallax-header content-style-default\"><h2 class=\"parallax-title text-left\">A propos<\/h2><\/div><\/div>[vc_column_text]<\/p>\n<div id=\"WRchTxt0-184s\" class=\"_1Q9if\" data-testid=\"richTextElement\">\n<p class=\"font_8\" style=\"text-align: justify;\">PB Consultancy est un cabinet d\u2019expertise comptable inscrit \u00e0 l&rsquo;Ordre des Experts Comptables de Paris et implant\u00e9 en plein c\u0153ur de la capitale dans le 11\u00e8me arrondissement. Notre cabinet met \u00e0 votre disposition un savoir-faire en mati\u00e8re comptable, fiscale, sociale, juridique, informatique et de gestion.<\/p>\n<p class=\"font_8\" style=\"text-align: justify;\"><span class=\"wixGuard\">\u200b<\/span>Nous accompagnons les cr\u00e9ateurs, repreneurs et chefs d&rsquo;entreprise dans la gestion de leur soci\u00e9t\u00e9. Nous proposons des prestations en ad\u00e9quation \u00e0 leurs besoins et ressources.<\/p>\n<p class=\"font_8\" style=\"text-align: justify;\"><span class=\"wixGuard\">\u200b<\/span>Patrick dirige le cabinet PB Consultancy qu\u2019il a cr\u00e9\u00e9 en 2010 apr\u00e8s avoir \u00e9t\u00e9 collaborateur et expert-comptable salari\u00e9 pendant dix ans dans diff\u00e9rents cabinets.<\/p>\n<\/div>\n<div id=\"WRchTxt2-151w\" class=\"_1Q9if\" data-testid=\"richTextElement\">\n<p class=\"font_8\" style=\"text-align: justify;\"><span class=\"wixGuard\">\u200b<\/span>Depuis la cr\u00e9ation de sa soci\u00e9t\u00e9, il a opt\u00e9 pour le \u2018z\u00e9ro papier\u2019 et orient\u00e9 son cabinet \u00e0 100 % dans le num\u00e9rique simplifiant le partage des donn\u00e9es avec ses clients en toute s\u00e9curit\u00e9.<\/p>\n<\/div>\n<p>[\/vc_column_text][\/vc_column][\/vc_row][vc_row match_height=\u00a0\u00bbyes\u00a0\u00bb center_row=\u00a0\u00bbyes\u00a0\u00bb enable_video_bg=\u00a0\u00bbyes\u00a0\u00bb typo_style=\u00a0\u00bblight\u00a0\u00bb css=\u00a0\u00bb.vc_custom_1639493578506{background-color: #2e536d !important;}\u00a0\u00bb][vc_column typo_style=\u00a0\u00bblight\u00a0\u00bb][vc_column_text]<\/p>\n<h1>Nos partenaires<\/h1>\n<p class=\"font_8\">Notre approche consistera \u00e0 d\u00e9finir votre besoin, \u00e0 proposer plusieurs solutions et \u00e0 vous accompagner dans la mise en \u0153uvre des solutions retenues en faisant appel, si n\u00e9cessaire \u00e0 des:<\/p>\n<ul class=\"font_8\">\n<li>\n<p class=\"font_8\">Associations et Centres de Gestion Agr\u00e9\u00e9s (BNC &amp; BIC &#8211; IR- )<\/p>\n<\/li>\n<li>\n<p class=\"font_8\">Avocats (R\u00e9daction d\u2019actes, Contentieux, &#8230;)<\/p>\n<\/li>\n<li>\n<p class=\"font_8\">Confr\u00e8res experts-comptables et commissaires aux comptes (Missions sp\u00e9ciales, audits, &#8230;)<\/p>\n<\/li>\n<li>\n<p class=\"font_8\">Conseillers en Gestion de Patrimoine (Placements financiers, Produits d\u00e9fiscalisant, &#8230;)<\/p>\n<\/li>\n<li>\n<p class=\"font_8\">\u00c9tablissements financiers (Financements, \u00c9pargne salariale, &#8230;)<\/p>\n<\/li>\n<li>\n<p class=\"font_8\">Notaires (Donation\/Succession, Immobilier, D\u00e9membrement, &#8230;)<\/p>\n<\/li>\n<\/ul>\n<p>[\/vc_column_text][\/vc_column][\/vc_row][vc_row content_placement=\u00a0\u00bbmiddle\u00a0\u00bb center_row=\u00a0\u00bbyes\u00a0\u00bb][vc_column][vc_column_text]<\/p>\n<h2>Nos missions<\/h2>\n<p class=\"font_8\">Le chef d\u2019entreprise qui souhaite r\u00e9ussir son projet d\u2019investissement prendra contact avec plusieurs conseils\u00a0: le juriste, le fiscaliste et l\u2019expert-comptable. Les connaissances pluridisciplinaires de ce dernier lui permettent d\u2019intervenir dans un \u00e9ventail de missions tr\u00e8s large allant des \u00e9tudes de faisabilit\u00e9 au suivi de la gestion du projet en passant par le conseil, assurant ainsi au client un accompagnement complet et permanent pour r\u00e9ussir et p\u00e9renniser son projet.<\/p>\n<p>[\/vc_column_text][\/vc_column][\/vc_row][vc_row bg_style=\u00a0\u00bbbg-normal\u00a0\u00bb center_row=\u00a0\u00bbyes\u00a0\u00bb][vc_column typo_style=\u00a0\u00bblight\u00a0\u00bb css=\u00a0\u00bb.vc_custom_1639147910975{background-color: #2e536d !important;}\u00a0\u00bb][vc_tta_accordion c_icon=\u00a0\u00bbchevron\u00a0\u00bb active_section=\u00a0\u00bb0&Prime; collapsible_all=\u00a0\u00bbtrue\u00a0\u00bb title=\u00a0\u00bbMissions d&rsquo;expertise comptable\u00a0\u00bb][vc_tta_section title=\u00a0\u00bbNous enregistrons vos pi\u00e8ces en comptabilit\u00e9\u00a0\u00bb tab_id=\u00a0\u00bb1639060886742-7ac99e84-6084&Prime;][vc_column_text]<\/p>\n<p class=\"font_8\">&#8211; Mise en place de votre fonction comptable<br \/>\n&#8211; Tenue de votre comptabilit\u00e9<br \/>\n&#8211; Mise en place et suivi de la comptabilit\u00e9 analytique d&rsquo;exploitation<br \/>\n&#8211; \u00c9tablissement des situations interm\u00e9diaires<\/p>\n<p class=\"font_8\">&#8211; Pr\u00e9sentation des comptes annuels (liasses fiscales)<\/p>\n<p class=\"font_8\">&#8211; \u00c9tablissement de situations pr\u00e9visionnelles<\/p>\n<p class=\"font_8\">&#8211; \u00c9tablissement du tableau de financement<\/p>\n<p class=\"font_8\">&#8211; Assistance du comit\u00e9 d&rsquo;entreprise<\/p>\n<p class=\"font_8\">&#8211; D\u00e9livrance du visa aux adh\u00e9rents des CGA<\/p>\n<p class=\"font_8\">Pour les syndics :<\/p>\n<p class=\"font_8\">&#8211; Comptabilit\u00e9 et r\u00e9vision comptabilit\u00e9 mandat<\/p>\n<p class=\"font_8\">&#8211; Audit contractuel immobilier<\/p>\n<p class=\"font_8\">&#8211; \u00c9tablissement des rapports pour des organismes de garanties financi\u00e8res<\/p>\n<p>[\/vc_column_text][\/vc_tta_section][vc_tta_section title=\u00a0\u00bbVous saisissez d\u00e9j\u00e0 votre comptabilit\u00e9 \u00e0 l\u2019aide d\u2019un logiciel comptable\u00a0\u00bb tab_id=\u00a0\u00bb1639060886742-c984c5aa-df0e\u00a0\u00bb][vc_column_text]<\/p>\n<p class=\"font_8\">&#8211; Assistance comptable de toute nature<\/p>\n<p class=\"font_8\">&#8211; Saisie les \u00e9critures de cl\u00f4ture<\/p>\n<p class=\"font_8\">&#8211; Contr\u00f4le des services comptables<\/p>\n<p class=\"font_8\">&#8211; Audit comptable<\/p>\n<p class=\"font_8\">&#8211; R\u00e9vision contractuelle des comptes mensuelle, trimestrielle ou semestrielle<\/p>\n<p class=\"font_8\">&#8211; Reporting de groupe de soci\u00e9t\u00e9s avec ou sans int\u00e9gration fiscale<br \/>\n&#8211; R\u00e9vision des proc\u00e9dures de contr\u00f4le interne[\/vc_column_text][\/vc_tta_section][vc_tta_section title=\u00a0\u00bbA votre demande, nous pouvons externaliser vos fonctions comptables et administratives\u00a0\u00bb tab_id=\u00a0\u00bb1639060905379-9e545f67-59fd\u00a0\u00bb][vc_column_text]- Accompagnement \u00e0 la mise en place<\/p>\n<p class=\"font_3\">&#8211; Optimisation et la tenue de votre comptabilit\u00e9<\/p>\n<p>&#8211; Formations et interventions en entreprise<\/p>\n<p>&#8211; Conseil en organisation g\u00e9n\u00e9rale et administrative[\/vc_column_text][\/vc_tta_section][\/vc_tta_accordion][vc_tta_accordion c_icon=\u00a0\u00bbchevron\u00a0\u00bb active_section=\u00a0\u00bb0&Prime; collapsible_all=\u00a0\u00bbtrue\u00a0\u00bb title=\u00a0\u00bbMissions fiscales\u00a0\u00bb][vc_tta_section title=\u00a0\u00bbNous prenons en charge vos d\u00e9clarations fiscales professionnelles et personnelles\u00a0\u00bb tab_id=\u00a0\u00bb1639061303182-6e946569-3d40&Prime;][vc_column_text]<\/p>\n<p class=\"font_8\">&#8211; Application de la l\u00e9gislation fiscale<\/p>\n<p class=\"font_8\">&#8211; \u00c9tablissement des d\u00e9clarations fiscales corr\u00e9latives, courantes et exceptionnelles<\/p>\n<p class=\"font_8\">&#8211; Autres d\u00e9clarations fiscales obligatoires annuelles ou p\u00e9riodiques<\/p>\n<p class=\"font_8\">&#8211; D\u00e9clarations de TVA et taxes assimil\u00e9es<\/p>\n<p class=\"font_8\">&#8211; D\u00e9clarations de CVAE et de CFE DAS 2<\/p>\n<p class=\"font_8\">&#8211; Imp\u00f4ts directs<\/p>\n<p class=\"font_8\">&#8211; Droits d&rsquo;enregistrement et droits de mutation<\/p>\n<p class=\"font_8\">&#8211; Douanes<\/p>\n<p class=\"font_8\">&#8211; Autres imp\u00f4ts et taxes<\/p>\n<p class=\"font_8\">&#8211; D\u00e9clarations personnelles de revenus et d\u2019IFI<\/p>\n<p>[\/vc_column_text][\/vc_tta_section][vc_tta_section title=\u00a0\u00bbNous vous conseillons et assistons en cas de contr\u00f4le fiscal\u00a0\u00bb tab_id=\u00a0\u00bb1639061303182-8eb0455c-a0b8&Prime;][vc_column_text]<\/p>\n<p class=\"font_8\">&#8211; Optimisation fiscale<\/p>\n<p class=\"font_8\">&#8211; Conseil fiscal<\/p>\n<p class=\"font_8\">&#8211; Calcul des cr\u00e9dits imp\u00f4ts<\/p>\n<p class=\"font_8\">&#8211; Assistance en cas de contr\u00f4le fiscal<\/p>\n<p>[\/vc_column_text][\/vc_tta_section][\/vc_tta_accordion][vc_tta_accordion c_icon=\u00a0\u00bbchevron\u00a0\u00bb active_section=\u00a0\u00bb0&Prime; collapsible_all=\u00a0\u00bbtrue\u00a0\u00bb title=\u00a0\u00bbMissions sociales\u00a0\u00bb][vc_tta_section title=\u00a0\u00bbNous \u00e9tablissons la paie, les d\u00e9clarations sociales et vous conseillons sur les dispositifs d\u2019optimisation sociale\u00a0\u00bb tab_id=\u00a0\u00bb1639061578783-f64f7c39-9e31&Prime;][vc_column_text]<\/p>\n<p class=\"font_8\">&#8211; Formalit\u00e9s li\u00e9es \u00e0 l\u2019embauche de vos salari\u00e9s<\/p>\n<p class=\"font_8\">&#8211; Param\u00e9trage de la paie<\/p>\n<p class=\"font_8\">&#8211; \u00c9tablissement des paies et des d\u00e9clarations sociales<\/p>\n<p class=\"font_8\">&#8211; Audit d&rsquo;organisation sociale<\/p>\n<p class=\"font_8\">&#8211; Assistance en cas de contr\u00f4le URSSAF<\/p>\n<p class=\"font_8\">&#8211; R\u00e9daction des avenants<\/p>\n<p class=\"font_8\">&#8211; Proc\u00e9dures de fin de contrat<\/p>\n<p class=\"font_8\">&#8211; Gestion administrative du personnel : affiliation de l&rsquo;entreprise aux organismes sociaux, gestion des absences, \u2026<\/p>\n<p class=\"font_8\">&#8211; Gestion des avec les<\/p>\n<p class=\"font_8\">&#8211; \u00c9lection des repr\u00e9sentants du personnel<\/p>\n<p class=\"font_8\">&#8211; Optimisation sociale\u00a0: plan d\u2019\u00e9pargne salariale, tickets restaurants, CESU \u2026<\/p>\n<p>[\/vc_column_text][\/vc_tta_section][vc_tta_section title=\u00a0\u00bbSi vous \u00eates entrepreneur individuel ou g\u00e9rant majoritaire\u00a0\u00bb tab_id=\u00a0\u00bb1639061578783-49c32cba-7b65&Prime;][vc_column_text]<\/p>\n<p class=\"font_8\">&#8211; \u00c9tablissement des d\u00e9clarations annuelles des travailleurs non salari\u00e9s<\/p>\n<p class=\"font_8\">&#8211; Contr\u00f4le les r\u00e9gularisations notifi\u00e9es annuellement par les diff\u00e9rentes caisses<\/p>\n<p class=\"font_8\">&#8211; Pr\u00e9voyance sociale du chef d&rsquo;entreprise<\/p>\n<p>[\/vc_column_text][\/vc_tta_section][\/vc_tta_accordion][vc_tta_accordion c_icon=\u00a0\u00bbchevron\u00a0\u00bb active_section=\u00a0\u00bb0&Prime; title=\u00a0\u00bbMission juridiques\u00a0\u00bb][vc_tta_section title=\u00a0\u00bbEn compl\u00e9ment de notre mission comptable, nous vous accompagnons sur toutes les probl\u00e9matiques juridiques de la cr\u00e9ation \u00e0 la transmission\u00a0\u00bb tab_id=\u00a0\u00bb1639061759277-53b8bc1e-95c5&Prime;][vc_column_text]<\/p>\n<p class=\"font_8\">Secr\u00e9tariat juridique<\/p>\n<p class=\"font_8\">&#8211; Assistance \u00e0 l&rsquo;organisation des assembl\u00e9es<\/p>\n<p class=\"font_8\">&#8211; R\u00e9daction des documents<\/p>\n<p class=\"font_8\">&#8211; D\u00e9p\u00f4t des comptes<\/p>\n<p class=\"font_8\">&#8211; Tenue des registres l\u00e9gaux<\/p>\n<p class=\"font_8\">Juridique exceptionnel<\/p>\n<p class=\"font_8\">&#8211; Changement de g\u00e9rance<\/p>\n<p class=\"font_8\">&#8211; Changement de d\u00e9nomination sociale<\/p>\n<p class=\"font_8\">&#8211; Transfert du si\u00e8ge social<\/p>\n<p class=\"font_8\">&#8211; Augmentation ou r\u00e9duction du capital social<\/p>\n<p class=\"font_8\">&#8211; Transformation de soci\u00e9t\u00e9s<\/p>\n<p class=\"font_8\">&#8211; Modification des statuts de votre soci\u00e9t\u00e9 ou association<\/p>\n<p class=\"font_8\">&#8211; Dissolution et liquidation<\/p>\n<p class=\"font_8\">&#8211; Assistance \u00e0 la cession de parts, de fonds de commerce ou de client\u00e8le<\/p>\n<p class=\"font_8\">&#8211; Accompagnement client en difficult\u00e9 (proc\u00e9dures collectives)<\/p>\n<p class=\"font_8\">&#8211; Montage de : Soci\u00e9t\u00e9 Holding<\/p>\n<p class=\"font_8\">&#8211; Pacte d&rsquo;associ\u00e9s<\/p>\n<p>[\/vc_column_text][\/vc_tta_section][vc_tta_section title=\u00a0\u00bbNous vous accompagnons dans la cr\u00e9ation de votre structure afin de bien piloter votre projet et de convaincre vos partenaires de sa viabilit\u00e9\u00a0\u00bb tab_id=\u00a0\u00bb1639061759277-65821c5e-2298&Prime;][vc_column_text]<\/p>\n<p class=\"font_8\">&#8211; \u00c9tude du projet<\/p>\n<p class=\"font_8\">&#8211; Choix de la structure juridique (r\u00e9daction des statuts, publicit\u00e9 l\u00e9gale, immatriculation au Greffe, d\u00e9claration d\u2019activit\u00e9 \u2026)<\/p>\n<p class=\"font_8\">&#8211; Analyse et choix du statut de l\u2019entrepreneur<\/p>\n<p class=\"font_8\">&#8211; \u00c9tablissement de business plans<\/p>\n<p class=\"font_8\">&#8211; Analyse des co\u00fbts de revient et de rentabilit\u00e9<\/p>\n<p class=\"font_8\">&#8211; Suivi et analyse de marge<\/p>\n<p class=\"font_8\">&#8211; Montage de dossier \u00ab\u00a0aide \u00e0 la cr\u00e9ation d\u2019entreprise\u00a0\u00bb<\/p>\n<p class=\"font_8\">&#8211; \u00c9tude et choix de financement<\/p>\n<p class=\"font_8\">&#8211; Accompagnement bancaire<\/p>\n<p>[\/vc_column_text][\/vc_tta_section][vc_tta_section title=\u00a0\u00bbAssistance services \u00e0 la personne\u00a0\u00bb tab_id=\u00a0\u00bb1639061797389-15f3d38e-41f5&Prime;][vc_column_text]<\/p>\n<p class=\"font_8\">&#8211; D\u00e9claration de revenus et d\u2019IFI<\/p>\n<p class=\"font_8\">&#8211; Accompagnement transmission successorale<\/p>\n<p class=\"font_8\">&#8211; Relations avec les administrations, les compagnies d\u2019assurance et les banques<\/p>\n<p class=\"font_8\">&#8211; D\u00e9marches administratives et gestion documentaire<\/p>\n<p class=\"font_8\">&#8211; Assistance informatique<\/p>\n<p class=\"font_8\">&#8211; Installation et mise en service du mat\u00e9riel et des logiciels<\/p>\n<p class=\"font_8\">&#8211; Initiation et formation au fonctionnement<\/p>\n<p class=\"font_8\">&#8211; Maintenance de mat\u00e9riels informatiques<\/p>\n<p>[\/vc_column_text][\/vc_tta_section][\/vc_tta_accordion][\/vc_column][\/vc_row][vc_row][vc_column width=\u00a0\u00bb1\/2&Prime;]<div class=\"zozo-parallax-header\"><div class=\"parallax-header content-style-default\"><h2 class=\"parallax-title\">Contactez nous<\/h2><\/div><\/div><div role=\"form\" class=\"wpcf7\" id=\"wpcf7-f264-o1\" lang=\"en-US\" dir=\"ltr\">\n<div class=\"screen-reader-response\"><p role=\"status\" aria-live=\"polite\" aria-atomic=\"true\"><\/p> <ul><\/ul><\/div>\n<form action=\"\/index.php?rest_route=%2Fwp%2Fv2%2Fpages%2F3960#wpcf7-f264-o1\" method=\"post\" class=\"wpcf7-form init\" novalidate=\"novalidate\" data-status=\"init\">\n<div style=\"display: none;\">\n<input type=\"hidden\" name=\"_wpcf7\" value=\"264\" \/>\n<input type=\"hidden\" name=\"_wpcf7_version\" value=\"5.5.3\" \/>\n<input type=\"hidden\" name=\"_wpcf7_locale\" value=\"en_US\" \/>\n<input type=\"hidden\" name=\"_wpcf7_unit_tag\" value=\"wpcf7-f264-o1\" \/>\n<input type=\"hidden\" name=\"_wpcf7_container_post\" value=\"0\" \/>\n<input type=\"hidden\" name=\"_wpcf7_posted_data_hash\" value=\"\" \/>\n<\/div>\n<div class=\"row\">\n<div class=\"col-md-6\">\n<span class=\"wpcf7-form-control-wrap Name\"><input type=\"text\" name=\"Name\" value=\"\" size=\"40\" class=\"wpcf7-form-control wpcf7-text\" aria-invalid=\"false\" placeholder=\"Nom\" \/><\/span>\n<\/div>\n<div class=\"col-md-6\">\n<span class=\"wpcf7-form-control-wrap your-email\"><input type=\"email\" name=\"your-email\" value=\"\" size=\"40\" class=\"wpcf7-form-control wpcf7-text wpcf7-email wpcf7-validates-as-required wpcf7-validates-as-email\" aria-required=\"true\" aria-invalid=\"false\" placeholder=\"Email\" \/><\/span>\n<\/div>\n<\/div>\n<div class=\"row\">\n<div class=\"col-md-6\">\n<span class=\"wpcf7-form-control-wrap Phone\"><input type=\"text\" name=\"Phone\" value=\"\" size=\"40\" class=\"wpcf7-form-control wpcf7-text wpcf7-validates-as-required\" aria-required=\"true\" aria-invalid=\"false\" placeholder=\"T\u00e9lephone\" \/><\/span>\n<\/div>\n<div class=\"col-md-6\">\n<span class=\"wpcf7-form-control-wrap your-subject\"><input type=\"text\" name=\"your-subject\" value=\"\" size=\"40\" class=\"wpcf7-form-control wpcf7-text\" aria-invalid=\"false\" placeholder=\"Objet\" \/><\/span>\n<\/div>\n<\/div>\n<div class=\"row\">\n<div class=\"col-md-12\">\n<span class=\"wpcf7-form-control-wrap your-message\"><textarea name=\"your-message\" cols=\"40\" rows=\"10\" class=\"wpcf7-form-control wpcf7-textarea\" aria-invalid=\"false\" placeholder=\"Message\"><\/textarea><\/span>\n<\/div>\n<\/div>\n<p><input type=\"submit\" value=\"Envoyer\" class=\"wpcf7-form-control has-spinner wpcf7-submit\" \/><\/p>\n<div class=\"wpcf7-response-output\" aria-hidden=\"true\"><\/div><\/form><\/div>[\/vc_column][vc_column width=\u00a0\u00bb1\/2&Prime;][vc_gmaps link=\u00a0\u00bb#E-8_JTNDaWZyYW1lJTIwc3JjJTNEJTIyaHR0cHMlM0ElMkYlMkZ3d3cuZ29vZ2xlLmNvbSUyRm1hcHMlMkZlbWJlZCUzRnBiJTNEJTIxMW0xOCUyMTFtMTIlMjExbTMlMjExZDI2MjUuMzgwMjYzMTU0MjAwNyUyMTJkMi4zNzU4MDM5MTU1ODIwMjY1JTIxM2Q0OC44NTA5NTg3NzkyODY2NyUyMTJtMyUyMTFmMCUyMTJmMCUyMTNmMCUyMTNtMiUyMTFpMTAyNCUyMTJpNzY4JTIxNGYxMy4xJTIxM20zJTIxMW0yJTIxMXMweDQ3ZTY3MjA4YTkxZGU1NDUlMjUzQTB4ZjI1MGI0NjY1MjdiNTNhZiUyMTJzMTM3JTI1MjBSdWUlMjUyMGR1JTI1MjBGYXVib3VyZyUyNTIwU2FpbnQtQW50b2luZSUyNTJDJTI1MjA3NTAxMSUyNTIwUGFyaXMlMjE1ZTAlMjEzbTIlMjExc2VuJTIxMnNmciUyMTR2MTYzODg4OTk3NTg3NSUyMTVtMiUyMTFzZW4lMjEyc2ZyJTIyJTIwd2lkdGglM0QlMjI2MDAlMjIlMjBoZWlnaHQlM0QlMjI0NTAlMjIlMjBzdHlsZSUzRCUyMmJvcmRlciUzQTAlM0IlMjIlMjBhbGxvd2Z1bGxzY3JlZW4lM0QlMjIlMjIlMjBsb2FkaW5nJTNEJTIybGF6eSUyMiUzRSUzQyUyRmlmcmFtZSUzRQ==\u00a0\u00bb][\/vc_column][\/vc_row][vc_row bg_style=\u00a0\u00bbbg-normal\u00a0\u00bb center_row=\u00a0\u00bbyes\u00a0\u00bb typo_style=\u00a0\u00bblight\u00a0\u00bb css=\u00a0\u00bb.vc_custom_1639680194746{padding-top: 50px !important;padding-bottom: 50px !important;}\u00a0\u00bb][vc_column offset=\u00a0\u00bbvc_col-lg-offset-0 vc_col-lg-12 vc_col-md-offset-0 vc_col-md-12 vc_col-sm-offset-0 vc_col-xs-12&Prime;][vc_row_inner][vc_column_inner width=\u00a0\u00bb1\/2&Prime;][vc_column_text css_animation=\u00a0\u00bbbottom-to-top\u00a0\u00bb css=\u00a0\u00bb.vc_custom_1639680553331{border-radius: 1px !important;}\u00a0\u00bb]<\/p>\n<h4>Notre adresse<\/h4>\n<h5>137 Rue du Faubourg Saint-Antoine, 75011 Paris<\/h5>\n<p>[\/vc_column_text][\/vc_column_inner][vc_column_inner width=\u00a0\u00bb1\/4&Prime;][vc_column_text css_animation=\u00a0\u00bbbottom-to-top\u00a0\u00bb]<\/p>\n<h4>Notre email<\/h4>\n<h5>contact@pbconsultancy.fr<\/h5>\n<p>[\/vc_column_text][\/vc_column_inner][vc_column_inner width=\u00a0\u00bb1\/4&Prime;][vc_column_text css_animation=\u00a0\u00bbbottom-to-top\u00a0\u00bb]<\/p>\n<h4>Notre t\u00e9l\u00e9phone<\/h4>\n<h5>01 83 62 17 11<\/h5>\n<p>[\/vc_column_text][\/vc_column_inner][\/vc_row_inner][\/vc_column][\/vc_row]<\/p>\n","protected":false},"excerpt":{"rendered":"<p>[vc_row full_width=\u00a0\u00bbstretch_row_content_no_spaces\u00a0\u00bb match_height=\u00a0\u00bbyes\u00a0\u00bb typo_style=\u00a0\u00bbdark\u00a0\u00bb css=\u00a0\u00bb.vc_custom_1639149955132{margin-top: 0px !important;margin-right: 0px !important;margin-bottom: 0px !important;margin-left: 0px !important;padding-top: 0.8px !important;padding-right: 0.8px !important;padding-bottom: 0.8px !important;padding-left: 0.8px !important;}\u00a0\u00bb][vc_column width=\u00a0\u00bb1\/3&Prime; css=\u00a0\u00bb.vc_custom_1638892720595{background-position: center !important;background-repeat: no-repeat !important;background-size: cover !important;}\u00a0\u00bb][vc_single_image image=\u00a0\u00bb4151&Prime; img_size=\u00a0\u00bb320*420&Prime; alignment=\u00a0\u00bbcenter\u00a0\u00bb][\/vc_column][vc_column width=\u00a0\u00bb2\/3&Prime; typo_style=\u00a0\u00bblight\u00a0\u00bb css=\u00a0\u00bb.vc_custom_1639147882762{padding-top: 50px !important;padding-right: 15px !important;padding-bottom: 50px !important;padding-left: 5% !important;}\u00a0\u00bb][vc_column_text] PB Consultancy est un cabinet d\u2019expertise comptable inscrit \u00e0 l&rsquo;Ordre des Experts Comptables de Paris et implant\u00e9&#8230;<\/p>\n","protected":false},"author":1,"featured_media":0,"parent":0,"menu_order":0,"comment_status":"closed","ping_status":"closed","template":"template-fullwidth.php","meta":{"footnotes":""},"class_list":["post-3960","page","type-page","status-publish","hentry"],"_links":{"self":[{"href":"https:\/\/pbconsultancy.fr\/index.php?rest_route=\/wp\/v2\/pages\/3960","targetHints":{"allow":["GET"]}}],"collection":[{"href":"https:\/\/pbconsultancy.fr\/index.php?rest_route=\/wp\/v2\/pages"}],"about":[{"href":"https:\/\/pbconsultancy.fr\/index.php?rest_route=\/wp\/v2\/types\/page"}],"author":[{"embeddable":true,"href":"https:\/\/pbconsultancy.fr\/index.php?rest_route=\/wp\/v2\/users\/1"}],"replies":[{"embeddable":true,"href":"https:\/\/pbconsultancy.fr\/index.php?rest_route=%2Fwp%2Fv2%2Fcomments&post=3960"}],"version-history":[{"count":33,"href":"https:\/\/pbconsultancy.fr\/index.php?rest_route=\/wp\/v2\/pages\/3960\/revisions"}],"predecessor-version":[{"id":4153,"href":"https:\/\/pbconsultancy.fr\/index.php?rest_route=\/wp\/v2\/pages\/3960\/revisions\/4153"}],"wp:attachment":[{"href":"https:\/\/pbconsultancy.fr\/index.php?rest_route=%2Fwp%2Fv2%2Fmedia&parent=3960"}],"curies":[{"name":"wp","href":"https:\/\/api.w.org\/{rel}","templated":true}]}}